{"id":45,"date":"2021-02-04T13:55:45","date_gmt":"2021-02-04T13:55:45","guid":{"rendered":"http:\/\/riedellab.org\/wordpress\/?page_id=45"},"modified":"2026-04-24T08:54:44","modified_gmt":"2026-04-24T06:54:44","slug":"lab-members","status":"publish","type":"page","link":"http:\/\/riedellab.org\/wordpress\/?page_id=45","title":{"rendered":"Lab Members"},"content":{"rendered":"\n<p><\/p>\n\n\n\n<p>Group leader:<\/p>\n\n\n<div class=\"wp-block-image is-style-default\">\n<figure class=\"aligncenter size-full is-resized\"><img loading=\"lazy\" decoding=\"async\" width=\"568\" height=\"569\" src=\"http:\/\/riedellab.org\/wordpress\/wp-content\/uploads\/2021\/02\/Portraits-3087-Bearbeitet-small-2.jpg\" alt=\"\" class=\"wp-image-96\" style=\"width:250px;height:250px\" srcset=\"http:\/\/riedellab.org\/wordpress\/wp-content\/uploads\/2021\/02\/Portraits-3087-Bearbeitet-small-2.jpg 568w, http:\/\/riedellab.org\/wordpress\/wp-content\/uploads\/2021\/02\/Portraits-3087-Bearbeitet-small-2-300x300.jpg 300w, http:\/\/riedellab.org\/wordpress\/wp-content\/uploads\/2021\/02\/Portraits-3087-Bearbeitet-small-2-150x150.jpg 150w, http:\/\/riedellab.org\/wordpress\/wp-content\/uploads\/2021\/02\/Portraits-3087-Bearbeitet-small-2-50x50.jpg 50w\" sizes=\"auto, (max-width: 568px) 100vw, 568px\" \/><figcaption class=\"wp-element-caption\">Christian Riedel, PhD<br>Professor<br>email: contact[at]riedellab.org<br><br><\/figcaption><\/figure>\n<\/div>\n\n\n<p>These are our current lab members:<\/p>\n\n\n<div class=\"wp-block-image is-style-default\">\n<figure class=\"aligncenter size-large is-resized\"><img decoding=\"async\" src=\"https:\/\/photos.smugmug.com\/photos\/i-5fPgftB\/0\/LQh9z6KqSMNHVvxX8R9VTCtrCv8kWCGmcJ69MX6hW\/S\/i-5fPgftB-S.jpg\" alt=\"\" style=\"width:224px;height:auto\"\/><figcaption class=\"wp-element-caption\">Andrea Hinas, PhD<br>Docent, Senior lab manager<br>email: andrea.hinas[at]ki.se<\/figcaption><\/figure>\n<\/div>\n\n<div class=\"wp-block-image is-style-default\">\n<figure class=\"aligncenter size-large is-resized\"><img loading=\"lazy\" decoding=\"async\" width=\"1024\" height=\"1024\" src=\"http:\/\/riedellab.org\/wordpress\/wp-content\/uploads\/2021\/02\/ChrisPhone-0013-1-1024x1024.jpg\" alt=\"\" class=\"wp-image-94\" style=\"width:220px;height:auto\" srcset=\"http:\/\/riedellab.org\/wordpress\/wp-content\/uploads\/2021\/02\/ChrisPhone-0013-1-1024x1024.jpg 1024w, http:\/\/riedellab.org\/wordpress\/wp-content\/uploads\/2021\/02\/ChrisPhone-0013-1-300x300.jpg 300w, http:\/\/riedellab.org\/wordpress\/wp-content\/uploads\/2021\/02\/ChrisPhone-0013-1-150x150.jpg 150w, http:\/\/riedellab.org\/wordpress\/wp-content\/uploads\/2021\/02\/ChrisPhone-0013-1-768x768.jpg 768w, http:\/\/riedellab.org\/wordpress\/wp-content\/uploads\/2021\/02\/ChrisPhone-0013-1-1536x1536.jpg 1536w, http:\/\/riedellab.org\/wordpress\/wp-content\/uploads\/2021\/02\/ChrisPhone-0013-1-2048x2048.jpg 2048w, http:\/\/riedellab.org\/wordpress\/wp-content\/uploads\/2021\/02\/ChrisPhone-0013-1-640x640.jpg 640w, http:\/\/riedellab.org\/wordpress\/wp-content\/uploads\/2021\/02\/ChrisPhone-0013-1-666x666.jpg 666w, http:\/\/riedellab.org\/wordpress\/wp-content\/uploads\/2021\/02\/ChrisPhone-0013-1-50x50.jpg 50w\" sizes=\"auto, (max-width: 1024px) 100vw, 1024px\" \/><figcaption class=\"wp-element-caption\">Jerome Salignon, PhD<br>Researcher, Bioinformatician<br>email: jerome.salignon[at]ki.se<\/figcaption><\/figure>\n<\/div>\n\n<div class=\"wp-block-image\">\n<figure class=\"aligncenter size-large is-resized\"><img decoding=\"async\" src=\"https:\/\/photos.smugmug.com\/photos\/i-2GRHL8R\/0\/41e15325\/S\/i-2GRHL8R-S.jpg\" alt=\"\" style=\"width:222px;height:auto\"\/><figcaption class=\"wp-element-caption\">Andrea Mosqueda Solis, PhD<br>Postdoc<br>email: andrea.mosqueda.solis(at)ki.se<\/figcaption><\/figure>\n<\/div>\n\n<div class=\"wp-block-image\">\n<figure class=\"aligncenter size-large is-resized\"><img decoding=\"async\" src=\"https:\/\/photos.smugmug.com\/photos\/i-DmL6SZT\/0\/7716a1c3\/S\/i-DmL6SZT-S.jpg\" alt=\"\" style=\"width:222px;height:auto\"\/><figcaption class=\"wp-element-caption\">Patryk Marcinkowski, MSc<br>PhD student<br>email: patryk.marcinkowski(at)ki.se<\/figcaption><\/figure>\n<\/div>\n\n<div class=\"wp-block-image\">\n<figure class=\"aligncenter size-large is-resized\"><img decoding=\"async\" src=\"https:\/\/photos.smugmug.com\/photos\/i-4hMczzC\/0\/LxfQvWx47FHr7Dn7LT9q7b7RCsB7m55CNfbs476vn\/S\/i-4hMczzC-S.jpg\" alt=\"\" style=\"width:222px;height:auto\"\/><figcaption class=\"wp-element-caption\">Julian Vogel, MSc<br>PhD student<br>email: julian.vogel(at)su.se<\/figcaption><\/figure>\n<\/div>\n\n<div class=\"wp-block-image\">\n<figure class=\"aligncenter size-large is-resized\"><img decoding=\"async\" src=\"https:\/\/photos.smugmug.com\/photos\/i-Zwd5BVX\/0\/LMjL5SBKDfCjfwZqrFw5JsPxMr3hjcVHxvzWGQFTT\/S\/i-Zwd5BVX-S.jpg\" alt=\"\" style=\"width:222px;height:auto\"\/><figcaption class=\"wp-element-caption\">Oskar Ahrens, MSc<br>PhD student<br>email: oskar.ahrens(at)su.se<br><br><br>Lina H\u00e5kansson, BSc<br>Master student<\/figcaption><\/figure>\n<\/div>\n\n\n<p class=\"has-text-align-left\"><strong>Alumni:<\/strong><\/p>\n\n\n\n<p class=\"has-text-align-center\">Teodora Pavlicu, Master Student<br>Alan Kavsek, PhD Student\/Postdoc<br>Hazel Ang, Postdoc<br>Quadri Ajibola Omotesho, Master Student<br>Manon Chevalier, Postdoc<br>Hadi Bazzi, Master Student<br>Ashwini Jatti, Master Student<br>Sascha Boma Okendi, Master Student<br>Robert Smetana, Master Student<br>Maite Brachth\u00e4user, Master Student<br>Ilke Sen, PhD Student\/Postdoc<br>Llu\u00eds Mill\u00e1n Ari\u00f1o, Postdoc<br>Andrea St\u00f6hr, Postdoc<br>Xin Zhou, Postdoc<br>Sonja Pikkupeura, Master Student<br>Xin-Xuan Lin, PhD Student<br>Poomy Pandey, Lab Manager<br>Daniel Edgar, Postdoc<br>Georges Janssens, Postdoc<br>Lioba K\u00f6rner, Master Student<br>Naghmeh Rajaei, Postdoc<br>Marco Lezzerini, Postdoc<br>Mengshan Liu, Master Student<br>Bora Baskaner, Research Assistant<br>Simone Brandenburg, Research Assistant<br>Nataly Puerta Cavanzo, Master Student<br>Marlies Oomen, Master Student<br>Irem Y\u00fccel, Bachelor Student<br>Tanja Iken, Bachelor Student<br><br><\/p>\n\n\n\n<p><strong>Some memories:<\/strong><\/p>\n\n\n<div class=\"wp-block-image\">\n<figure class=\"aligncenter size-large\"><img decoding=\"async\" src=\"https:\/\/photos.smugmug.com\/photos\/i-RJkpCjK\/0\/jrdGn7kZc7VdgKzXHMgZvmCKs9jKzj3FzpvGfPxt\/M\/i-RJkpCjK-M.jpg\" alt=\"\"\/><figcaption class=\"wp-element-caption\">some current and former lab members at Alan&#8217;s PhD defense &#8211; June 2024<\/figcaption><\/figure>\n<\/div>\n\n<div class=\"wp-block-image\">\n<figure class=\"aligncenter size-large is-resized\"><img decoding=\"async\" src=\"https:\/\/photos.smugmug.com\/photos\/i-7bgzGtH\/0\/dd50467b\/M\/i-7bgzGtH-M.jpg\" alt=\"\" style=\"width:599px;height:auto\"\/><figcaption class=\"wp-element-caption\">lab lunch &#8211; November 2023<\/figcaption><\/figure>\n<\/div>\n\n<div class=\"wp-block-image\">\n<figure class=\"aligncenter size-large\"><img decoding=\"async\" src=\"https:\/\/photos.smugmug.com\/photos\/i-HXcwTCv\/0\/165a46b2\/S\/i-HXcwTCv-S.jpg\" alt=\"\"\/><figcaption class=\"wp-element-caption\">2nd Escape Room retreat &#8211; December 2022<\/figcaption><\/figure>\n<\/div>\n\n<div class=\"wp-block-image is-style-default\">\n<figure class=\"aligncenter size-large is-resized\"><img decoding=\"async\" src=\"https:\/\/photos.smugmug.com\/photos\/i-7dBtNBp\/0\/17cc6c56\/L\/i-7dBtNBp-L.jpg\" alt=\"\" style=\"width:600px;height:undefinedpx\"\/><figcaption class=\"wp-element-caption\">lab retreat to an Escape Room in September 2020<\/figcaption><\/figure>\n<\/div>\n\n\n<div class=\"wp-block-columns is-layout-flex wp-container-core-columns-is-layout-9d6595d7 wp-block-columns-is-layout-flex\">\n<div class=\"wp-block-column is-layout-flow wp-block-column-is-layout-flow\"><div class=\"wp-block-image is-style-default\">\n<figure class=\"alignleft size-large is-resized\"><img decoding=\"async\" src=\"https:\/\/photos.smugmug.com\/photos\/i-SLqLdNd\/0\/0eff2c94\/L\/i-SLqLdNd-L.jpg\" alt=\"\" style=\"width:500px;height:306px\"\/><figcaption class=\"wp-element-caption\">lab retreat to Sandhamn in July 2019<\/figcaption><\/figure>\n<\/div><\/div>\n\n\n\n<div class=\"wp-block-column is-layout-flow wp-block-column-is-layout-flow\"><div class=\"wp-block-image is-style-default\">\n<figure class=\"alignright size-large is-resized\"><img decoding=\"async\" src=\"https:\/\/photos.smugmug.com\/photos\/i-h8KNcPk\/0\/bdc7742d\/L\/i-h8KNcPk-L.jpg\" alt=\"\" style=\"width:412px;height:306px\"\/><figcaption class=\"wp-element-caption\">lab retreat to Sandhamn in July 2019<br><\/figcaption><\/figure>\n<\/div><\/div>\n<\/div>\n\n\n<div class=\"wp-block-image is-style-default\">\n<figure class=\"aligncenter size-large is-resized\"><img decoding=\"async\" src=\"https:\/\/photos.smugmug.com\/photos\/i-WbfpQ5L\/0\/ceb2e2a2\/L\/i-WbfpQ5L-L.jpg\" alt=\"\" style=\"width:600px;height:undefinedpx\"\/><figcaption class=\"wp-element-caption\">Ilke&#8217;s PhD defense in Groningen (October 2018)<br><br><\/figcaption><\/figure>\n<\/div>\n\n<div class=\"wp-block-image is-style-default\">\n<figure class=\"aligncenter size-large is-resized\"><img decoding=\"async\" src=\"https:\/\/photos.smugmug.com\/photos\/i-ZhPDBsB\/0\/7b30f1ce\/L\/i-ZhPDBsB-L.jpg\" alt=\"\" style=\"width:600px;height:undefinedpx\"\/><figcaption class=\"wp-element-caption\">lab retreat in December 2016 &#8211; Curling in Stockholm<br><br><\/figcaption><\/figure>\n<\/div>\n\n<div class=\"wp-block-image is-style-default\">\n<figure class=\"aligncenter size-large is-resized\"><img decoding=\"async\" src=\"https:\/\/photos.smugmug.com\/photos\/i-5vbhXnn\/0\/86281901\/L\/i-5vbhXnn-L.jpg\" alt=\"\" style=\"width:600px;height:undefinedpx\"\/><figcaption class=\"wp-element-caption\">the lab in August 2014<br><br><\/figcaption><\/figure>\n<\/div>\n\n<div class=\"wp-block-image is-style-default\">\n<figure class=\"aligncenter size-large is-resized\"><img decoding=\"async\" src=\"https:\/\/photos.smugmug.com\/photos\/i-qxdn5hV\/0\/cb14c46e\/L\/i-qxdn5hV-L.jpg\" alt=\"\" style=\"width:600px;height:undefinedpx\"\/><figcaption class=\"wp-element-caption\">our lab at the ERIBA retreat 2013 to Schiermonnikoog, the Netherlands<br><br><\/figcaption><\/figure>\n<\/div>\n\n<div class=\"wp-block-image is-style-default\">\n<figure class=\"aligncenter size-large is-resized\"><img decoding=\"async\" src=\"https:\/\/photos.smugmug.com\/photos\/i-gmX7DG5\/0\/ca9b42f4\/L\/i-gmX7DG5-L.jpg\" alt=\"\" style=\"width:600px;height:undefinedpx\"\/><figcaption class=\"wp-element-caption\">Ilke and Simone in the lab (2013)<\/figcaption><\/figure>\n<\/div>","protected":false},"excerpt":{"rendered":"<p>Group leader: These are our current lab members: Alumni: Teodora Pavlicu, Master StudentAlan Kavsek, PhD Student\/PostdocHazel Ang, PostdocQuadri Ajibola Omotesho,<\/p>\n<p><a href=\"http:\/\/riedellab.org\/wordpress\/?page_id=45\" class=\"more-link\">Continue reading<span class=\"screen-reader-text\">Lab Members<\/span><\/a><\/p>\n","protected":false},"author":1,"featured_media":0,"parent":0,"menu_order":0,"comment_status":"closed","ping_status":"closed","template":"","meta":{"footnotes":""},"class_list":["post-45","page","type-page","status-publish","hentry"],"_links":{"self":[{"href":"http:\/\/riedellab.org\/wordpress\/index.php?rest_route=\/wp\/v2\/pages\/45","targetHints":{"allow":["GET"]}}],"collection":[{"href":"http:\/\/riedellab.org\/wordpress\/index.php?rest_route=\/wp\/v2\/pages"}],"about":[{"href":"http:\/\/riedellab.org\/wordpress\/index.php?rest_route=\/wp\/v2\/types\/page"}],"author":[{"embeddable":true,"href":"http:\/\/riedellab.org\/wordpress\/index.php?rest_route=\/wp\/v2\/users\/1"}],"replies":[{"embeddable":true,"href":"http:\/\/riedellab.org\/wordpress\/index.php?rest_route=%2Fwp%2Fv2%2Fcomments&post=45"}],"version-history":[{"count":28,"href":"http:\/\/riedellab.org\/wordpress\/index.php?rest_route=\/wp\/v2\/pages\/45\/revisions"}],"predecessor-version":[{"id":403,"href":"http:\/\/riedellab.org\/wordpress\/index.php?rest_route=\/wp\/v2\/pages\/45\/revisions\/403"}],"wp:attachment":[{"href":"http:\/\/riedellab.org\/wordpress\/index.php?rest_route=%2Fwp%2Fv2%2Fmedia&parent=45"}],"curies":[{"name":"wp","href":"https:\/\/api.w.org\/{rel}","templated":true}]}}